{"id":54,"date":"2015-06-22T03:16:43","date_gmt":"2015-06-22T01:16:43","guid":{"rendered":"http:\/\/localhost\/wordpress\/?page_id=54"},"modified":"2020-08-02T05:27:29","modified_gmt":"2020-08-02T03:27:29","slug":"ueber-uns","status":"publish","type":"page","link":"https:\/\/www.target10a.com\/magazin\/ueber-uns\/","title":{"rendered":"\u00dcber uns"},"content":{"rendered":"<p>target10a.com wurde von uns (Katharina und Christoph V\u00f6lker) im Jahr 2012 gegr\u00fcndet. Der Anlass war die Entwicklung einiger Trainingstools f\u00fcr den eigenen Bedarf. Das waren zuerst die Holzkugeln in verschiedenen Gr\u00f6\u00dfen und eine neigungsverstellbare Aufh\u00e4ngung f\u00fcr Trainingsboards. Unser Anspruch war es, der Shop f\u00fcrs Klettertraining schlechthin zu werden. Mittlerweile wollen wir \u00fcber den Webshop hinaus die Website f\u00fcr Klettertraining im Allgemeinen werden. Dazu gibt es ein gro\u00dfes Wissensportal und eine Diskussionsplattform.<\/p>\n<figure id=\"attachment_1727\" aria-describedby=\"caption-attachment-1727\" style=\"width: 300px\" class=\"wp-caption alignright\"><a href=\"https:\/\/i0.wp.com\/www.target10a.com\/magazin\/wp-content\/uploads\/2015\/06\/target10a.com-katharina-christoph-3.jpg\"><img loading=\"lazy\" decoding=\"async\" class=\"size-medium wp-image-1727\" src=\"https:\/\/i0.wp.com\/www.target10a.com\/magazin\/wp-content\/uploads\/2015\/06\/target10a.com-katharina-christoph-3-300x169.jpg?resize=300%2C169\" alt=\"Katharina und Christoph von target10a.com\" width=\"300\" height=\"169\" srcset=\"https:\/\/i0.wp.com\/www.target10a.com\/magazin\/wp-content\/uploads\/2015\/06\/target10a.com-katharina-christoph-3.jpg?resize=300%2C169&amp;ssl=1 300w, https:\/\/i0.wp.com\/www.target10a.com\/magazin\/wp-content\/uploads\/2015\/06\/target10a.com-katharina-christoph-3.jpg?resize=1024%2C576&amp;ssl=1 1024w, https:\/\/i0.wp.com\/www.target10a.com\/magazin\/wp-content\/uploads\/2015\/06\/target10a.com-katharina-christoph-3.jpg?w=1637&amp;ssl=1 1637w\" sizes=\"(max-width: 300px) 100vw, 300px\" data-recalc-dims=\"1\" \/><\/a><figcaption id=\"caption-attachment-1727\" class=\"wp-caption-text\">Katharina und Christoph von target10a.com<\/figcaption><\/figure>\n<p>Und nun ein paar Informationen zu uns:<\/p>\n<p>Wir beide sind begeistertet Kletterer, die jedoch erst sp\u00e4t zu diesem Hobby fanden. Von da an wollten wir aber nichts dem Zufall \u00fcberlassen und gingen auch recht schnell gezielt trainieren, um das Beste aus uns heraus holen zu k\u00f6nnen!<\/p>\n<p>\u00dcber Katharina<\/p>\n<ul>\n<li>Jahrgang 1985<\/li>\n<li>Klettert seit: 2008<\/li>\n<li>Kletterhighlight: UIAA 9- (Dumbo an der Klinge im Frankenjura)<\/li>\n<li>Weitere Hobbys: Fitness<\/li>\n<li>Beruf: Juristin<\/li>\n<\/ul>\n<figure id=\"attachment_1729\" aria-describedby=\"caption-attachment-1729\" style=\"width: 300px\" class=\"wp-caption alignright\"><a href=\"https:\/\/i0.wp.com\/www.target10a.com\/magazin\/wp-content\/uploads\/2015\/06\/target10a.com-christoph-intercooler-8c-1.jpg\"><img loading=\"lazy\" decoding=\"async\" class=\"size-medium wp-image-1729\" src=\"https:\/\/i0.wp.com\/www.target10a.com\/magazin\/wp-content\/uploads\/2015\/06\/target10a.com-christoph-intercooler-8c-1-300x169.jpg?resize=300%2C169\" alt=\"Christoph in Intercooler 8c (Frankenjura)\" width=\"300\" height=\"169\" srcset=\"https:\/\/i0.wp.com\/www.target10a.com\/magazin\/wp-content\/uploads\/2015\/06\/target10a.com-christoph-intercooler-8c-1.jpg?resize=300%2C169&amp;ssl=1 300w, https:\/\/i0.wp.com\/www.target10a.com\/magazin\/wp-content\/uploads\/2015\/06\/target10a.com-christoph-intercooler-8c-1.jpg?resize=1024%2C576&amp;ssl=1 1024w, https:\/\/i0.wp.com\/www.target10a.com\/magazin\/wp-content\/uploads\/2015\/06\/target10a.com-christoph-intercooler-8c-1.jpg?w=1600&amp;ssl=1 1600w, https:\/\/i0.wp.com\/www.target10a.com\/magazin\/wp-content\/uploads\/2015\/06\/target10a.com-christoph-intercooler-8c-1.jpg?w=2400&amp;ssl=1 2400w\" sizes=\"(max-width: 300px) 100vw, 300px\" data-recalc-dims=\"1\" \/><\/a><figcaption id=\"caption-attachment-1729\" class=\"wp-caption-text\">Christoph in Intercooler 8c (Frankenjura)<\/figcaption><\/figure>\n<p>\u00dcber Christoph<\/p>\n<ul>\n<li>Jahrgang 1979<\/li>\n<li>Klettert seit: 2007<\/li>\n<li>Kletterhighlight: UIAA 11- (<a href=\"http:\/\/youtu.be\/VFr0fsWMSw8\" target=\"_blank\" rel=\"noopener noreferrer\">Intercooler an der Kalten Wand im Frankenjura<\/a>)<\/li>\n<li>Fr\u00fchere Hobbys: Stabhochsprung (Bestleistung: 5,42m)<\/li>\n<li>Beruf: Informatiker<\/li>\n<\/ul>\n<p>Hier ein Interview mit uns \u00fcber unsere Firma target10a: <a href=\"https:\/\/www.prontopro.de\/ba\/bamberg\/kletterpark\" target=\"_blank\" rel=\"noopener noreferrer\">Interview mit ProntoPro<\/a><\/p>\n","protected":false},"excerpt":{"rendered":"<p>target10a.com wurde von uns (Katharina und Christoph V\u00f6lker) im Jahr 2012 gegr\u00fcndet. Der Anlass war die Entwicklung einiger Trainingstools f\u00fcr<\/p>\n","protected":false},"author":1,"featured_media":0,"parent":0,"menu_order":1,"comment_status":"closed","ping_status":"closed","template":"","meta":{"jetpack_post_was_ever_published":false,"footnotes":""},"jetpack_sharing_enabled":true,"jetpack_shortlink":"https:\/\/wp.me\/P6GLnl-S","_links":{"self":[{"href":"https:\/\/www.target10a.com\/magazin\/wp-json\/wp\/v2\/pages\/54"}],"collection":[{"href":"https:\/\/www.target10a.com\/magazin\/wp-json\/wp\/v2\/pages"}],"about":[{"href":"https:\/\/www.target10a.com\/magazin\/wp-json\/wp\/v2\/types\/page"}],"author":[{"embeddable":true,"href":"https:\/\/www.target10a.com\/magazin\/wp-json\/wp\/v2\/users\/1"}],"replies":[{"embeddable":true,"href":"https:\/\/www.target10a.com\/magazin\/wp-json\/wp\/v2\/comments?post=54"}],"version-history":[{"count":9,"href":"https:\/\/www.target10a.com\/magazin\/wp-json\/wp\/v2\/pages\/54\/revisions"}],"predecessor-version":[{"id":5229,"href":"https:\/\/www.target10a.com\/magazin\/wp-json\/wp\/v2\/pages\/54\/revisions\/5229"}],"wp:attachment":[{"href":"https:\/\/www.target10a.com\/magazin\/wp-json\/wp\/v2\/media?parent=54"}],"curies":[{"name":"wp","href":"https:\/\/api.w.org\/{rel}","templated":true}]}}